{"id":28,"date":"2023-05-10T12:22:25","date_gmt":"2023-05-10T12:22:25","guid":{"rendered":"https:\/\/periodent.in.ua\/?page_id=28"},"modified":"2024-02-29T11:55:39","modified_gmt":"2024-02-29T11:55:39","slug":"faq","status":"publish","type":"page","link":"https:\/\/periodent.in.ua\/pl\/faq\/","title":{"rendered":"CZP"},"content":{"rendered":"<p><\/p>\n<h1>Pytania i odpowiedzi<\/h1>\n<h2>Odpowiedzi na najcz\u0119\u015bciej zadawane pytania naszych pacjent\u00f3w dotycz\u0105ce us\u0142ug kliniki PerioDent<\/h2>\n<p>Z przyjemno\u015bci\u0105 podzielimy si\u0119 z Tob\u0105 najnowszymi informacjami, kt\u00f3re pozwol\u0105 Ci poprawi\u0107, a by\u0107 mo\u017ce zmieni\u0107 Tw\u00f3j styl \u017cycia na lepsze.<\/p>","protected":false},"excerpt":{"rendered":"<p>Pytania i odpowiedzi Odpowiedzi na najcz\u0119\u015bciej zadawane pytania naszych pacjent\u00f3w dotycz\u0105ce us\u0142ug kliniki PerioDent Z przyjemno\u015bci\u0105 podzielimy si\u0119 z Tob\u0105 najnowszymi informacjami, kt\u00f3re pozwol\u0105 Ci poprawi\u0107, a by\u0107 mo\u017ce zmieni\u0107 Tw\u00f3j styl \u017cycia na lepsze.<\/p>\n","protected":false},"author":4,"featured_media":0,"parent":0,"menu_order":7,"comment_status":"closed","ping_status":"closed","template":"templates\/faqs.php","meta":{"inline_featured_image":false,"footnotes":""},"class_list":["post-28","page","type-page","status-publish","hentry"],"acf":[],"_links":{"self":[{"href":"https:\/\/periodent.in.ua\/pl\/wp-json\/wp\/v2\/pages\/28","targetHints":{"allow":["GET"]}}],"collection":[{"href":"https:\/\/periodent.in.ua\/pl\/wp-json\/wp\/v2\/pages"}],"about":[{"href":"https:\/\/periodent.in.ua\/pl\/wp-json\/wp\/v2\/types\/page"}],"author":[{"embeddable":true,"href":"https:\/\/periodent.in.ua\/pl\/wp-json\/wp\/v2\/users\/4"}],"replies":[{"embeddable":true,"href":"https:\/\/periodent.in.ua\/pl\/wp-json\/wp\/v2\/comments?post=28"}],"version-history":[{"count":4,"href":"https:\/\/periodent.in.ua\/pl\/wp-json\/wp\/v2\/pages\/28\/revisions"}],"predecessor-version":[{"id":1128,"href":"https:\/\/periodent.in.ua\/pl\/wp-json\/wp\/v2\/pages\/28\/revisions\/1128"}],"wp:attachment":[{"href":"https:\/\/periodent.in.ua\/pl\/wp-json\/wp\/v2\/media?parent=28"}],"curies":[{"name":"wp","href":"https:\/\/api.w.org\/{rel}","templated":true}]}}