{"id":34,"date":"2023-05-10T12:23:06","date_gmt":"2023-05-10T12:23:06","guid":{"rendered":"https:\/\/periodent.in.ua\/?page_id=34"},"modified":"2024-02-29T11:50:31","modified_gmt":"2024-02-29T11:50:31","slug":"promotions","status":"publish","type":"page","link":"https:\/\/periodent.in.ua\/lt\/promotions\/","title":{"rendered":"Akcijos"},"content":{"rendered":"<p><\/p>\n<h1>\u0160iuolaikin\u0117s odontologijos klinikos &#8222;PerioDent&#8221; reklaminiai pasi\u016blymai<\/h1>\n<h2>Nuolaidos | specialios paslaug\u0173 kainos m\u016bs\u0173 sve\u010diams<\/h2>\n<p>\u010dia kuriamos tobulos \u0161ypsenos.<\/p>","protected":false},"excerpt":{"rendered":"<p>\u0160iuolaikin\u0117s odontologijos klinikos &#8222;PerioDent&#8221; reklaminiai pasi\u016blymai Nuolaidos | specialios paslaug\u0173 kainos m\u016bs\u0173 sve\u010diams \u010dia kuriamos tobulos \u0161ypsenos.<\/p>\n","protected":false},"author":4,"featured_media":0,"parent":0,"menu_order":11,"comment_status":"closed","ping_status":"closed","template":"templates\/promotions.php","meta":{"inline_featured_image":false,"footnotes":""},"class_list":["post-34","page","type-page","status-publish","hentry"],"acf":[],"_links":{"self":[{"href":"https:\/\/periodent.in.ua\/lt\/wp-json\/wp\/v2\/pages\/34","targetHints":{"allow":["GET"]}}],"collection":[{"href":"https:\/\/periodent.in.ua\/lt\/wp-json\/wp\/v2\/pages"}],"about":[{"href":"https:\/\/periodent.in.ua\/lt\/wp-json\/wp\/v2\/types\/page"}],"author":[{"embeddable":true,"href":"https:\/\/periodent.in.ua\/lt\/wp-json\/wp\/v2\/users\/4"}],"replies":[{"embeddable":true,"href":"https:\/\/periodent.in.ua\/lt\/wp-json\/wp\/v2\/comments?post=34"}],"version-history":[{"count":7,"href":"https:\/\/periodent.in.ua\/lt\/wp-json\/wp\/v2\/pages\/34\/revisions"}],"predecessor-version":[{"id":1127,"href":"https:\/\/periodent.in.ua\/lt\/wp-json\/wp\/v2\/pages\/34\/revisions\/1127"}],"wp:attachment":[{"href":"https:\/\/periodent.in.ua\/lt\/wp-json\/wp\/v2\/media?parent=34"}],"curies":[{"name":"wp","href":"https:\/\/api.w.org\/{rel}","templated":true}]}}