{"id":28,"date":"2023-05-10T12:22:25","date_gmt":"2023-05-10T12:22:25","guid":{"rendered":"https:\/\/periodent.in.ua\/?page_id=28"},"modified":"2024-02-29T11:55:39","modified_gmt":"2024-02-29T11:55:39","slug":"faq","status":"publish","type":"page","link":"https:\/\/periodent.in.ua\/lt\/faq\/","title":{"rendered":"DUK"},"content":{"rendered":"<p><\/p>\n<h1>Klausimai ir atsakymai<\/h1>\n<h2>Atsakymai \u012f da\u017eniausiai m\u016bs\u0173 pacient\u0173 u\u017eduodamus klausimus apie &#8222;PerioDent&#8221; klinikos paslaugas<\/h2>\n<p>Mielai pasidalinsime su jumis naujausia informacija, kuri leis jums pagerinti, o galb\u016bt ir pakeisti savo gyvenimo b\u016bd\u0105 \u012f ger\u0105j\u0105 pus\u0119.<\/p>","protected":false},"excerpt":{"rendered":"<p>Klausimai ir atsakymai Atsakymai \u012f da\u017eniausiai m\u016bs\u0173 pacient\u0173 u\u017eduodamus klausimus apie &#8222;PerioDent&#8221; klinikos paslaugas Mielai pasidalinsime su jumis naujausia informacija, kuri leis jums pagerinti, o galb\u016bt ir pakeisti savo gyvenimo b\u016bd\u0105 \u012f ger\u0105j\u0105 pus\u0119.<\/p>\n","protected":false},"author":4,"featured_media":0,"parent":0,"menu_order":7,"comment_status":"closed","ping_status":"closed","template":"templates\/faqs.php","meta":{"inline_featured_image":false,"footnotes":""},"class_list":["post-28","page","type-page","status-publish","hentry"],"acf":[],"_links":{"self":[{"href":"https:\/\/periodent.in.ua\/lt\/wp-json\/wp\/v2\/pages\/28","targetHints":{"allow":["GET"]}}],"collection":[{"href":"https:\/\/periodent.in.ua\/lt\/wp-json\/wp\/v2\/pages"}],"about":[{"href":"https:\/\/periodent.in.ua\/lt\/wp-json\/wp\/v2\/types\/page"}],"author":[{"embeddable":true,"href":"https:\/\/periodent.in.ua\/lt\/wp-json\/wp\/v2\/users\/4"}],"replies":[{"embeddable":true,"href":"https:\/\/periodent.in.ua\/lt\/wp-json\/wp\/v2\/comments?post=28"}],"version-history":[{"count":4,"href":"https:\/\/periodent.in.ua\/lt\/wp-json\/wp\/v2\/pages\/28\/revisions"}],"predecessor-version":[{"id":1128,"href":"https:\/\/periodent.in.ua\/lt\/wp-json\/wp\/v2\/pages\/28\/revisions\/1128"}],"wp:attachment":[{"href":"https:\/\/periodent.in.ua\/lt\/wp-json\/wp\/v2\/media?parent=28"}],"curies":[{"name":"wp","href":"https:\/\/api.w.org\/{rel}","templated":true}]}}